{"id":1662,"date":"2022-01-17T15:37:07","date_gmt":"2022-01-17T15:37:07","guid":{"rendered":"https:\/\/evadat.ro\/?page_id=1662"},"modified":"2022-01-21T08:31:50","modified_gmt":"2022-01-21T08:31:50","slug":"politica-de-cookie-uri","status":"publish","type":"page","link":"https:\/\/rezervari.evadat.ro\/en\/politica-de-cookie-uri\/","title":{"rendered":"COOKIES POLICY"},"content":{"rendered":"<div data-elementor-type=\"wp-page\" data-elementor-id=\"1662\" class=\"elementor elementor-1662\" data-elementor-post-type=\"page\">\n\t\t\t\t\t\t<section class=\"elementor-section elementor-top-section elementor-element elementor-element-70377906 elementor-section-boxed elementor-section-height-default elementor-section-height-default\" data-id=\"70377906\" data-element_type=\"section\" data-e-type=\"section\">\n\t\t\t\t\t\t<div class=\"elementor-container elementor-column-gap-default\">\n\t\t\t\t\t<div class=\"elementor-column elementor-col-100 elementor-top-column elementor-element elementor-element-35533fef\" data-id=\"35533fef\" data-element_type=\"column\" data-e-type=\"column\">\n\t\t\t<div class=\"elementor-widget-wrap elementor-element-populated\">\n\t\t\t\t\t\t<div class=\"elementor-element elementor-element-57617adb elementor-widget elementor-widget-text-editor\" data-id=\"57617adb\" data-element_type=\"widget\" data-e-type=\"widget\" data-widget_type=\"text-editor.default\">\n\t\t\t\t<div class=\"elementor-widget-container\">\n\t\t\t\t\t\t\t\t\t\n<p>Cookie usage policy and similar technologies<\/p>\n<p><br \/>This policy refers to cookies and similar technologies used, as the case may be, in the websites and applications operated by EVADAT.ro (the trade name of EVADAT GAMES SRL with its registered office in Calea \u0218erban Vod\u0103 no. 193, district 4, Bucharest , Romania, registered at the Trade Register Office of Bucharest under no. J40 \/ 15555\/ 2017, Unique Registration Code 38200146, hereinafter referred to as EVADAT.ro).<\/p>\n\n<p>Cookies are used for the following purposes:<\/p>\n\n<p>\u2022 operation of the website,<\/p>\n\n<p>\u2022 analysis of the behavior of website visitors,<\/p>\n\n<p>\u2022 advertising.<\/p>\n\n<p>This policy is supplemented by the EVADAT.ro policy regarding the protection of personal data in general and with the Terms and Conditions of the website, which we encourage you to read, including additional useful information.<\/p>\n\n<p>Proper protection of personal data is an important goal for EVADAT.ro. Our desire is to be as clear and transparent as possible about EVADAT.ro's approach in this regard.<\/p>\n\n<p>What are cookies?<br \/>A cookie is a small file, consisting of letters and numbers, that will be stored on the computer, mobile terminal or other equipment of a user accessing the Internet. The cookie is installed by the request issued by the user's terminal to an EVADAT.ro server or to a third party server.<\/p>\n\n<p>What are cookies used for?<br \/>These files mainly make it possible to recognize the user's terminal and present the content in a relevant way, adapted to the user's preferences.<\/p>\n\n<p>Cookies provide users with a pleasant browsing experience and support EVADAT.ro's efforts to provide more user-friendly services, e.g.: - online privacy preferences, shopping cart or relevant advertising. They are also used in the preparation of consolidated anonymous statistics that help us understand how a user benefits from our web pages, allowing us to improve their structure and content, without allowing the user to be personally identified.<\/p>\n\n<p>What cookies do we use?<br \/>We use two types of cookies: per session and fixed. Per session cookies are temporary files that remain in the user's terminal until the end of the session or the closing of the application. Fixed cookies remain on the user's terminal for a period determined by the cookie parameters or until they are manually deleted by the user.<\/p>\n\n<p>How does this website manage cookies?<br \/>A visit to this site may place the following types of cookies:<\/p>\n\n<p>\u2022 cookies strictly necessary for the operation of the site<\/p>\n\n<p>\u2022 analysis cookies<\/p>\n\n<p>\u2022 cookies for advertising<\/p>\n\n<p>Cookies and\/ or similar technologies strictly necessary are essential for the proper functioning of the site, being set on your device when accessing the site or following the actions performed on the site, as the case may be. You can set your browser to block cookies, but in this case certain sections of the site will not work properly.<\/p>\n\n<p>Do cookies or similar technologies contain personal data?<br \/>Cookies or similar technologies do not in themselves require personal information to be used and, in many cases, do not personally identify internet users. However, there are situations when personal data may be collected through the use of cookies to facilitate certain functionalities for the user or to offer the user a more tailored experience to his preferences. Such data is encrypted in a way that makes it impossible for unauthorized persons to access it.<\/p>\n\n<p>Blockage of cookies<br \/>If you wish to block cookies, some features of the site will be disabled, and this may lead to certain malfunctions or errors in the use of our site. For example, blocking cookies may prevent you from:<\/p>\n\n<p>\u2022 making online purchases<\/p>\n\n<p>\u2022 login into your account<\/p>\n\n<p>If you agree to these restrictions and want to block cookies, please follow the instructions below:<\/p>\n\n<p>Most browsers are set to accept cookies by default, but you can change their settings to block some or all of your cookies.<\/p>\n\n<p>Managing cookie placement preferences<br \/>In general, an application used to access web pages allows you to save cookies and\/ or similar technologies on the terminal by default. These settings can be changed in such a way that the automatic management of cookies is blocked by the web browser or user to be informed every time cookies are sent to his terminal.<\/p>\n\n<p>Detailed information on the possibilities and ways of managing cookies can be found in the settings of the application (web browser). Restricting the use of cookies may affect certain functionalities of the website.<\/p>\n\n<p>Why are cookies and\/ or similar technologies important to the Internet?<br \/>Cookies and\/ or similar technologies are central to the efficient operation of the Internet, helping to create a user-friendly browsing experience tailored to each user's preferences and interests. Refusing or disabling cookies may make some sites or parts of sites impossible to use.<\/p>\n\n<p>Disabling cookies does not mean that you will no longer receive online advertising in compliance with the law - only that it will no longer be able to take into account your preferences and interests, as noticed by your browsing behavior.<\/p>\n\n<p>Examples of important uses of cookies (which do not require a user to authenticate through an account):<\/p>\n\n<p>\u2022 Content and services adapted to the user's preferences - product categories;<\/p>\n\n<p>\u2022 Offers adapted to the interests of users<\/p>\n\n<p>\u2022 Remembering passwords<\/p>\n\n<p>\u2022 Remembering child protection filters on Internet content (family mode options, safe search functions).<\/p>\n\n<p>\u2022 Limiting the frequency of ads - limiting the number of impressions of an ad for a particular user on a site.<\/p>\n\n<p>\u2022 Providing user-relevant advertising.<\/p>\n\n<p>\u2022 Measuring, optimizing and adapting analytics features - such as confirming a certain level of traffic to a website, what type of content is viewed and how a user gets to a website (e.g. search engines, directly, from other websites etc.). Websites carry out these analyzes regarding their use in order to improve their services for the benefit of users.<\/p>\n\n<p>Security and privacy issues<br \/>In general, browsers have integrated privacy settings that provide different levels of acceptance of cookies, validity period and automatic deletion after the user has visited a particular site.<\/p>\n\n<p>Other security issues related to cookies:<\/p>\n\n<p>\u2022 Customize your browser's cookie settings to reflect a comfortable level of cookie security for you.<\/p>\n\n<p>\u2022 If you're the only person using your computer, you can set long expiration dates for storing your browsing history and personal access data if you wish.<\/p>\n\n<p>\u2022 If you share access to your computer, you can consider setting your browser to clear individual browsing data each time you close your browser. This is an option to access sites that place cookies and to delete any visit information at the end of the browsing session.<\/p>\n\n<p>Useful links and additional information<br \/>If you want to learn more about cookies and what they are used for, we recommend the following links:<\/p>\n\n<p>Microsoft Cookies guide<br \/>All About Cookies<\/p>\n\t\t\t\t\t\t\t\t<\/div>\n\t\t\t\t<\/div>\n\t\t\t\t\t<\/div>\n\t\t<\/div>\n\t\t\t\t\t<\/div>\n\t\t<\/section>\n\t\t\t\t<\/div>","protected":false},"excerpt":{"rendered":"<p>Politica de utilizare cookie-uri \u0219i tehnologii similare Aceast\u0103 politic\u0103 se refer\u0103 la cookie-urile \u0219i la tehnologiile similare folosite, dup\u0103 caz, \u00een website-urile \u0219i aplica\u021biile operate de EVADAT.ro (denumirea comerciala a EVADAT GAMES SRL cu sediul social \u00een Calea \u0218erban Vod\u0103 nr.193, sector 4, Bucure\u0219ti, Romania, \u00eenregistrat\u0103 la Oficiul Registrului Comer\u021bului de pe l\u00e2ng\u0103 Tribunalul Bucuresti [&hellip;]<\/p>\n","protected":false},"author":1,"featured_media":0,"parent":0,"menu_order":0,"comment_status":"closed","ping_status":"closed","template":"","meta":{"site-sidebar-layout":"default","site-content-layout":"","ast-site-content-layout":"","site-content-style":"default","site-sidebar-style":"default","ast-global-header-display":"","ast-banner-title-visibility":"","ast-main-header-display":"","ast-hfb-above-header-display":"","ast-hfb-below-header-display":"","ast-hfb-mobile-header-display":"","site-post-title":"","ast-breadcrumbs-content":"","ast-featured-img":"","footer-sml-layout":"","theme-transparent-header-meta":"","adv-header-id-meta":"","stick-header-meta":"","header-above-stick-meta":"","header-main-stick-meta":"","header-below-stick-meta":"","astra-migrate-meta-layouts":"default","ast-page-background-enabled":"default","ast-page-background-meta":{"desktop":{"background-color":"var(--ast-global-color-4)","background-image":"","background-repeat":"repeat","background-position":"center center","background-size":"auto","background-attachment":"scroll","background-type":"","background-media":"","overlay-type":"","overlay-color":"","overlay-opacity":"","overlay-gradient":""},"tablet":{"background-color":"","background-image":"","background-repeat":"repeat","background-position":"center center","background-size":"auto","background-attachment":"scroll","background-type":"","background-media":"","overlay-type":"","overlay-color":"","overlay-opacity":"","overlay-gradient":""},"mobile":{"background-color":"","background-image":"","background-repeat":"repeat","background-position":"center center","background-size":"auto","background-attachment":"scroll","background-type":"","background-media":"","overlay-type":"","overlay-color":"","overlay-opacity":"","overlay-gradient":""}},"ast-content-background-meta":{"desktop":{"background-color":"var(--ast-global-color-5)","background-image":"","background-repeat":"repeat","background-position":"center center","background-size":"auto","background-attachment":"scroll","background-type":"","background-media":"","overlay-type":"","overlay-color":"","overlay-opacity":"","overlay-gradient":""},"tablet":{"background-color":"var(--ast-global-color-5)","background-image":"","background-repeat":"repeat","background-position":"center center","background-size":"auto","background-attachment":"scroll","background-type":"","background-media":"","overlay-type":"","overlay-color":"","overlay-opacity":"","overlay-gradient":""},"mobile":{"background-color":"var(--ast-global-color-5)","background-image":"","background-repeat":"repeat","background-position":"center center","background-size":"auto","background-attachment":"scroll","background-type":"","background-media":"","overlay-type":"","overlay-color":"","overlay-opacity":"","overlay-gradient":""}},"footnotes":""},"class_list":["post-1662","page","type-page","status-publish","hentry"],"_links":{"self":[{"href":"https:\/\/rezervari.evadat.ro\/en\/wp-json\/wp\/v2\/pages\/1662","targetHints":{"allow":["GET"]}}],"collection":[{"href":"https:\/\/rezervari.evadat.ro\/en\/wp-json\/wp\/v2\/pages"}],"about":[{"href":"https:\/\/rezervari.evadat.ro\/en\/wp-json\/wp\/v2\/types\/page"}],"author":[{"embeddable":true,"href":"https:\/\/rezervari.evadat.ro\/en\/wp-json\/wp\/v2\/users\/1"}],"replies":[{"embeddable":true,"href":"https:\/\/rezervari.evadat.ro\/en\/wp-json\/wp\/v2\/comments?post=1662"}],"version-history":[{"count":0,"href":"https:\/\/rezervari.evadat.ro\/en\/wp-json\/wp\/v2\/pages\/1662\/revisions"}],"wp:attachment":[{"href":"https:\/\/rezervari.evadat.ro\/en\/wp-json\/wp\/v2\/media?parent=1662"}],"curies":[{"name":"wp","href":"https:\/\/api.w.org\/{rel}","templated":true}]}}